{"id":215,"date":"2025-09-04T16:36:43","date_gmt":"2025-09-04T16:36:43","guid":{"rendered":"https:\/\/leirelekuona.com\/inicio\/"},"modified":"2025-09-23T15:36:56","modified_gmt":"2025-09-23T15:36:56","slug":"inicio","status":"publish","type":"page","link":"https:\/\/leirelekuona.com\/eu\/","title":{"rendered":"Hasiera"},"content":{"rendered":"\n<div id=\"block-slideshow-block_e4d20bceeb4f4d620450517389627d52\" class=\"block-slideshow\">\n\n    <div class=\"carousel home-slider\" data-flickity='{ \"pageDots\": true, \"fade\": true, \"autoPlay\": 5000 }'>\n                    <div class=\"carousel-cell\">\n                <div class=\"carousel-cell__content\" style=\"background-image: url(https:\/\/leirelekuona.com\/wp-content\/uploads\/2025\/09\/slideshow-1-scaled.jpg);\">\n                    <div class=\"carousel-cell__content__overlay\" style=\"background-color: rgba(10,10,10,0.5);\"><\/div>\n                    <div class=\"carousel-cell__content__text\">\n                        <p class=\"carousel-cell__content__text__title\">\n                            Xixili. Hegatsa galdu nuenekoa                        <\/p>\n                        <p class=\"carousel-cell__content__text__subtitle\">\n                            Bermeoko laminaren kondaira                        <\/p>\n\n                                                \n                    <\/div>\n                <\/div>\n            <\/div>\n                    <div class=\"carousel-cell\">\n                <div class=\"carousel-cell__content\" style=\"background-image: url(https:\/\/leirelekuona.com\/wp-content\/uploads\/2025\/09\/articulos-entrevistas-bg-scaled.jpg);\">\n                    <div class=\"carousel-cell__content__overlay\" style=\"background-color: rgba(10,10,10,0.5);\"><\/div>\n                    <div class=\"carousel-cell__content__text\">\n                        <p class=\"carousel-cell__content__text__title\">\n                            T\u00edtulo slideshow 2                        <\/p>\n                        <p class=\"carousel-cell__content__text__subtitle\">\n                            Subt\u00edtulo slideshow 2                        <\/p>\n\n                                                \n                    <\/div>\n                <\/div>\n            <\/div>\n            <\/div>\n\n<\/div>\n\n\n<div id=\"block-banner-block_8bc4abae79ef9a1b81b79fc7c24dc350\" class=\"block-banner\" style=\"background-image: url('https:\/\/leirelekuona.com\/wp-content\/uploads\/2025\/09\/leire-lekuona-bg-scaled.jpg');\">\n    <div class=\"block-banner__color-overlay\" style=\"background-color: rgba(0,0,0,0);\"><\/div>\n    <div class=\"wrap location-right\">\n        <div class=\"block-banner__content\">\n            <div class=\"block-banner__content__box\">\n                <p class=\"block-banner__content__box__pretitle\">\n                    Sobre la autora                <\/p>\n                <h2 class=\"block-banner__content__box__title\">\n                    Leire Lekuona                <\/h2 >\n                <p class=\"block-banner__content__box__content\">\n                    Leire Lekuona (Bizkaia, 1976) es dise\u00f1adora gr\u00e1fica y actualmente es directora t\u00e9cnica en el Servicio Editorial de la Universidad del Pa\u00eds Vasco \/ Euskal Herriko Unibertsitatea.                <\/p>\n                <div class=\"block-banner__content__box__button\">\n                    <a rel=\"nofollow\" class=\"btn\" href=\"https:\/\/leirelekuona.com\/sobre-la-autora\/\" target=\"\">Consultar<\/a>                <\/div>\n            <\/div>\n        <\/div>\n    <\/div>\n<\/div>\n\n\n\n<div id=\"block-libros-block_cd7afb54115cef459198d5bfd3eb9477\" class=\"block-libros \">\n    <div class=\"wrap \">\n                    <h2 class=\"block-libros__title\">\n                Libros            <\/h2>\n                <div class=\"block-libros__content\">\n            \n            \n        \n                                            <div class=\"block-libros__content__item\">\n                    <div class=\"block-libros__content__item__image\">\n                        <a href=\"https:\/\/leirelekuona.com\/eu\/liburuak\/xixili-hegatsa-galdu-nuenekoa\/\" >\n                            <img decoding=\"async\" src=\"https:\/\/leirelekuona.com\/wp-content\/uploads\/2025\/09\/portada-ixili.jpg\" alt=\"Xixili. Hegatsa galdu nuenekoa eus\">\n                        <\/a>\n                    <\/div>\n                    <div class=\"block-libros__content__item__text\">\n                        <p class=\"block-libros__content__item__text__editorial\">\n                            Eguzkilore Liburuak                        <\/p>\n                        <p class=\"block-libros__content__item__text__title\">\n                            Xixili. Hegatsa galdu nuenekoa eus                        <\/p>\n                    <\/div>\n                    <div class=\"block-libros__content__item__button\">\n                        <p>\n                            <a class=\"btn\" href=\"https:\/\/leirelekuona.com\/eu\/liburuak\/xixili-hegatsa-galdu-nuenekoa\/\" >\n                                Ikusi gehiago                            <\/a>\n                        <\/p>\n                    <\/div>\n                <\/div>\n                                            <div class=\"block-libros__content__item\">\n                    <div class=\"block-libros__content__item__image\">\n                        <a href=\"https:\/\/leirelekuona.com\/eu\/liburuak\/bizirik-dirauena\/\" >\n                            <img decoding=\"async\" src=\"https:\/\/leirelekuona.com\/wp-content\/uploads\/2025\/09\/portada-bizirik-dirauena.jpg\" alt=\"Bizirik dirauena\">\n                        <\/a>\n                    <\/div>\n                    <div class=\"block-libros__content__item__text\">\n                        <p class=\"block-libros__content__item__text__editorial\">\n                            Eguzkilore Liburuak                        <\/p>\n                        <p class=\"block-libros__content__item__text__title\">\n                            Bizirik dirauena                        <\/p>\n                    <\/div>\n                    <div class=\"block-libros__content__item__button\">\n                        <p>\n                            <a class=\"btn\" href=\"https:\/\/leirelekuona.com\/eu\/liburuak\/bizirik-dirauena\/\" >\n                                Ikusi gehiago                            <\/a>\n                        <\/p>\n                    <\/div>\n                <\/div>\n                    <\/div>\n    <\/div>\n<\/div>\n\n\n<div id=\"block-banner-block_b8a98b7dacdb509a8a90c850fcad662c\" class=\"block-banner\" style=\"background-image: url('https:\/\/leirelekuona.com\/wp-content\/uploads\/2025\/09\/articulos-entrevistas-bg-scaled.jpg');\">\n    <div class=\"block-banner__color-overlay\" style=\"background-color: rgba(0,0,0,0.2);\"><\/div>\n    <div class=\"wrap location-right\">\n        <div class=\"block-banner__content\">\n            <div class=\"block-banner__content__box\">\n                <p class=\"block-banner__content__box__pretitle\">\n                    Art\u00edculos y entrevistas                <\/p>\n                <h2 class=\"block-banner__content__box__title\">\n                    Apariciones en prensa                <\/h2 >\n                <p class=\"block-banner__content__box__content\">\n                    Art\u00edculos y entrevistas de la autora en los \u00faltimos a\u00f1os tanto en prensa escrita como en medios online.                <\/p>\n                <div class=\"block-banner__content__box__button\">\n                    <a rel=\"nofollow\" class=\"btn\" href=\"https:\/\/leirelekuona.com\/articulos-y-entrevistas\/\" target=\"\">Consultar<\/a>                <\/div>\n            <\/div>\n        <\/div>\n    <\/div>\n<\/div>\n\n\n<div id=\"block-banner-block_93a7b8fca657b7bb5df6993be298db40\" class=\"block-banner\" style=\"background-image: url('https:\/\/leirelekuona.com\/wp-content\/uploads\/2025\/09\/sala-prensa-bg-scaled.jpg');\">\n    <div class=\"block-banner__color-overlay\" style=\"background-color: rgba(0,0,0,0.2);\"><\/div>\n    <div class=\"wrap location-left\">\n        <div class=\"block-banner__content\">\n            <div class=\"block-banner__content__box\">\n                <p class=\"block-banner__content__box__pretitle\">\n                    Sala de prensa                <\/p>\n                <h2 class=\"block-banner__content__box__title\">\n                    Recursos                <\/h2 >\n                <p class=\"block-banner__content__box__content\">\n                    Recursos gr\u00e1ficos, textos y dosieres de prensa a disposici\u00f3n de aquellos que quieran informar sobre la autora o su obra.                <\/p>\n                <div class=\"block-banner__content__box__button\">\n                    <a rel=\"nofollow\" class=\"btn\" href=\"https:\/\/leirelekuona.com\/sala-de-prensa\/\" target=\"\">Consultar<\/a>                <\/div>\n            <\/div>\n        <\/div>\n    <\/div>\n<\/div>","protected":false},"excerpt":{"rendered":"","protected":false},"author":1,"featured_media":0,"parent":0,"menu_order":0,"comment_status":"closed","ping_status":"closed","template":"page-templates\/page-full-width.php","meta":{"_acf_changed":false,"footnotes":""},"class_list":["post-215","page","type-page","status-publish","hentry"],"acf":[],"_links":{"self":[{"href":"https:\/\/leirelekuona.com\/eu\/wp-json\/wp\/v2\/pages\/215","targetHints":{"allow":["GET"]}}],"collection":[{"href":"https:\/\/leirelekuona.com\/eu\/wp-json\/wp\/v2\/pages"}],"about":[{"href":"https:\/\/leirelekuona.com\/eu\/wp-json\/wp\/v2\/types\/page"}],"author":[{"embeddable":true,"href":"https:\/\/leirelekuona.com\/eu\/wp-json\/wp\/v2\/users\/1"}],"replies":[{"embeddable":true,"href":"https:\/\/leirelekuona.com\/eu\/wp-json\/wp\/v2\/comments?post=215"}],"version-history":[{"count":2,"href":"https:\/\/leirelekuona.com\/eu\/wp-json\/wp\/v2\/pages\/215\/revisions"}],"predecessor-version":[{"id":252,"href":"https:\/\/leirelekuona.com\/eu\/wp-json\/wp\/v2\/pages\/215\/revisions\/252"}],"wp:attachment":[{"href":"https:\/\/leirelekuona.com\/eu\/wp-json\/wp\/v2\/media?parent=215"}],"curies":[{"name":"wp","href":"https:\/\/api.w.org\/{rel}","templated":true}]}}